{"id":76,"date":"2017-07-08T16:06:08","date_gmt":"2017-07-08T14:06:08","guid":{"rendered":"http:\/\/kinesiologieparis.fr\/?page_id=76"},"modified":"2020-01-12T18:34:16","modified_gmt":"2020-01-12T17:34:16","slug":"temoignages","status":"publish","type":"page","link":"https:\/\/kinesiologieparis.fr\/index.php\/temoignages\/","title":{"rendered":"T\u00e9moignages"},"content":{"rendered":"<p style=\"text-align: left;\" align=\"CENTER\"><span style=\"color: #000000;\">Christophe DOMINICI et Lionel MESSI ont pour point commun d&rsquo;avoir eu recours \u00e0 la kin\u00e9siologie dans le cadre de leur pratique sportive professionnelle. Vous trouverez ici un e<\/span><span style=\"color: #000000;\">xtrait des t\u00e9moignages de Christophe Dominici et d&rsquo;un article sur Lionel Messi et la kin\u00e9siologie<\/span><\/p>\n<div id=\"Section1\" dir=\"LTR\">\n<p align=\"JUSTIFY\">\n<\/div>\n<h3 class=\"western\" align=\"JUSTIFY\"><span style=\"color: #000000;\">Christophe DOMINICI<\/span><\/h3>\n<p>Rugbyman professionnel<\/p>\n<p align=\"JUSTIFY\"><span style=\"color: #000000;\">Extraits du livre \u00ab\u00a0BLEU A L\u2019\u00c2ME\u00a0\u00bb\u00a0<\/span><span style=\"color: #000000;\">aux \u00c9ditions du Cherche-Midi.<\/span><\/p>\n<p align=\"JUSTIFY\"><span style=\"color: #000000;\"><span style=\"font-size: medium;\"><i>\u00ab\u00a0Je ne suis pas un homme heureux, mais je ne suis pas malheureux. J\u2019ai connu la souffrance physique. J\u2019ai connu la souffrance psychologique. Et c\u2019est la douleur dans la t\u00eate qui pour moi est la plus dure \u00e0 supporter, m\u00eame si, \u00e0 35 ans, les coups font de plus en plus mal. Comme chez un boxeur en fin de carri\u00e8re, le corps encaisse moins facilement que par le pass\u00e9.<\/i><\/span><\/span><\/p>\n<p align=\"JUSTIFY\"><span style=\"color: #000000;\"><span style=\"font-size: medium;\"><i>Pour l\u2019instant, j\u2019ai de la chance, je me suis sorti de tous les chocs sans trop de dommages. Et ma constitution me permet de courir vite, malgr\u00e9 mon \u00e2ge. Mais ce que j\u2019ai v\u00e9cu depuis la mort de ma s\u0153ur et mon divorce, je ne le souhaite pas \u00e0 mon pire ennemi.<\/i><\/span><\/span><\/p>\n<p align=\"JUSTIFY\"><span style=\"color: #000000;\"><span style=\"font-size: medium;\"><i>Heureusement, dans ce bourbier d\u2019\u00e9motions violentes, j\u2019ai rencontr\u00e9 une personne qui a boulevers\u00e9 ma vie. Il s\u2019appelait Pierre, kin\u00e9siologue<\/i><\/span><\/span><\/p>\n<p align=\"JUSTIFY\"><span style=\"color: #000000;\">\u2026\u2026<\/span><span style=\"color: #000000;\"><span style=\"font-size: medium;\"><i>Je jouais un rugby de haut niveau, mais j\u2019\u00e9tais tout le temps stress\u00e9, inquiet. Avant un match, j\u2019\u00e9tais toujours tr\u00e8s nerveux, tr\u00e8s difficile \u00e0 supporter. Certaines semaines, j\u2019\u00e9tais invivable, je ne me nourrissais plus, je vivais sur les nerfs parce que j\u2019\u00e9tais obs\u00e9d\u00e9 par le r\u00e9sultat. Je voulais \u00eatre \u00ab\u00a0performant\u00a0\u00bb, c\u2019est-\u00e0-dire tout savoir, tout ma\u00eetriser, tout analyser, tout comprendre afin d\u2019\u00eatre capable de reproduire les gestes parfaits, les courses parfaites.<\/i><\/span><\/span><\/p>\n<p align=\"JUSTIFY\"><span style=\"color: #000000;\"><span style=\"font-size: medium;\"><i>Je cherchais instinctivement \u00e0 transformer tous les sentiments n\u00e9gatifs qui alimentaient depuis des ann\u00e9es ma rage int\u00e9rieure en action positive. Une rage visible dans mon regard, ce que n\u2019osaient pas me dire mes amis. Cette ambition est peu \u00e0 peu devenue un moteur, mais au d\u00e9but, comme je n\u2019avais pas assez confiance en moi et que je ne me trouvais pas assez athl\u00e9tique, le stress m\u2019inhibait et m\u2019emp\u00eachait d\u2019avancer. J\u2019avais des r\u00e9sultats en montagnes russes\u00a0: excellent un jour, moyen le lendemain. Je me blessais souvent \u00e0 cause de mon caract\u00e8re tendu et soucieux. Je broyais du noir, car tout ce que les gens trouvaient \u00e0 dire \u00e0 mon sujet, c\u2019\u00e9tait\u00a0: \u00ab\u00a0Il est trop juste physiquement\u00a0\u00bb, \u00ab\u00a0Il n\u2019y arrivera pas\u00a0\u00bb, \u00ab\u00a0Trop fluet\u00a0\u00bb, \u00ab\u00a0Pas le niveau\u00a0\u00bb, \u00ab\u00a0Place aux gros gabarits\u00a0\u00bb\u2026<\/i><\/span><\/span><\/p>\n<p align=\"JUSTIFY\"><span style=\"color: #000000;\"><span style=\"font-size: medium;\"><i>Aussit\u00f4t, je demandai \u00e0 Marion de me mettre en rapport avec son p\u00e8re, kin\u00e9siologue. Le lendemain, apr\u00e8s un bref \u00e9change t\u00e9l\u00e9phonique, elle m\u2019accompagna jusqu\u2019\u00e0 la porte de son cabinet et me laissa seul\u00a0: \u00ab\u00a0Une consultation, c\u2019est priv\u00e9\u00a0\u00bb, me dit-elle. \u00ab\u00a0Monsieur, en quoi puis-je vous aider\u00a0? me demanda Pierre \u00ab\u00a0Je veux gu\u00e9rir mon \u00e9paule, arr\u00eater de fumer et je veux participer \u00e0 la Coupe du monde de rugby\u00a0\u00bb Nous \u00e9tions en octobre 1998. \u00ab\u00a0Je ne vais pas pouvoir vous aider, me r\u00e9pondit-il.<br \/>\nPourquoi\u00a0?<br \/>\nLes grands costauds sur un terrain de rugby, c\u2019est impressionnant, non\u00a0? Ca ne vous fait pas peur quand vous \u00eates en face, vous qui \u00eates tout petit\u00a0?\u00a0\u00bb Le type s\u2019engouffrait tout de suite dans ma fragilit\u00e9. Il me demanda de me d\u00e9contracter et de m\u2019installer plus confortablement sur ma chaise. En tenant mon poignet, il ajouta\u00a0: \u00ab\u00a0A l\u2019\u00e2ge de 14 ans, que vous est-il arriv\u00e9\u00a0? \u00ab\u00a0j\u2019ai perdu ma s\u0153ur\u00a0!\u00a0\u00bb Cette r\u00e9v\u00e9lation provoqua un v\u00e9ritable d\u00e9clic qui allait engendrer entre lui et moi une relation hors du commun. Bien que boulevers\u00e9, je d\u00e9cidai de poursuivre cette premi\u00e8re s\u00e9ance.<\/i><\/span><\/span><\/p>\n<p align=\"JUSTIFY\"><em><span style=\"color: #000000;\">\u2026\u2026De s\u00e9ance en s\u00e9ance, tout en interrogeant mon corps par le test musculaire, Pierre obtenait les r\u00e9ponses \u00e0 ses questions, ou plut\u00f4t \u00ab mes \u00bb questions. L\u2019esprit ment mais le corps exprime sa v\u00e9rit\u00e9. Nous sommes de formidables machines, tout notre v\u00e9cu est inscrit dans nos muscles. Un muscle sous stress \u00ab d\u00e9verrouille \u00bb, c\u2019est-\u00e0-dire qu\u2019il n\u2019a plus aucune force. Il ne tient plus. Quand il le touche et que le muscle tient bon, le kin\u00e9siologue assimile cela \u00e0 une r\u00e9ponse \u00ab oui \u00bb ; et quand le muscle se rel\u00e2che, la r\u00e9ponse est \u00ab non \u00bb. Le kin\u00e9siologue \u00e9num\u00e8re : \u00ab A quel \u00e2ge a commenc\u00e9 votre stress ? 1 an, 2 ans, 5 ans\u2026 10 ans ? \u00bb Selon la r\u00e9ponse, le muscle se contracte ou se d\u00e9tend. Ce n\u2019est pas de la voyance ! C\u2019est une technique \u00e9prouv\u00e9e, qui vient des \u00c9tats-Unis et qui n\u2019a rien \u00e0 voir avec la magie, ni le charlatanisme.<\/span><\/em><\/p>\n<p align=\"JUSTIFY\"><em><span style=\"color: #000000;\">Il y a plusieurs origines au stress : physique, bio-chimique, psychologique. A un moment de stress tr\u00e8s fort, le muscle a \u00e9t\u00e9 t\u00e9tanis\u00e9 dans une certaine position, il y a eu fusion entre la position du corps stress\u00e9 et l\u2019\u00e9motion. Interroger le corps permet de retrouver l\u2019\u00e9motion. Le kin\u00e9siologue aide le sujet \u00e0 remettre chaque chose \u00e0 sa place, le souvenir du corps d\u2019un c\u00f4t\u00e9, l\u2019\u00e9motion de l\u2019autre. En les s\u00e9parant il lib\u00e8re le sujet de la g\u00eane \u00ab physique \u00bb de son \u00e9motion, en passant par des points d\u2019acupressure, utilis\u00e9s par les chiropracteurs et les ost\u00e9opathes. Le kin\u00e9siologue, en fait, accompagne le sujet dans l\u2019exploration de son stress. La personne est toujours ma\u00eetresse d\u2019elle-m\u00eame, elle n\u2019est pas sous hypnose. Simplement, s\u2019il y a un nuage devant le soleil, le kin\u00e9siologue pousse le nuage\u2026<\/span><\/em><\/p>\n<p align=\"JUSTIFY\"><em><span style=\"color: #000000;\">Pierre m\u2019a permis de comprendre, comment accepter mes bleus \u00e0 l\u2019\u00e2me, mes faiblesses, mes doutes, tout ce qui me faisait r\u00e9agir avec violence ou m\u2019abattait. Il m\u2019a aid\u00e9 \u00e0 entendre et prononcer certains mots que je n\u2019arrivais m\u00eame pas \u00e0 prononcer. Il a donn\u00e9 du sens \u00e0 mes aspirations. \u00ab Au lieu d\u2019agir uniquement par instinct, on va essayer de r\u00e9fl\u00e9chir \u2026 \u00bb<\/span><\/em><\/p>\n<p align=\"JUSTIFY\"><em><span style=\"color: #000000;\">La premi\u00e8re d\u00e9couverte concernait mon gabarit : c\u2019\u00e9tait vrai, j\u2019avais peur d\u2019\u00eatre trop juste physiquement. J\u2019avais des doutes et des complexes par rapport \u00e0 mes d\u00e9sirs de performance dans mon sport. Pendant les s\u00e9ances, mes r\u00e9actions \u00e9taient diverses ; cela pouvait aller du fou rire \u00e0 l\u2019envie de vomir, en passant par les larmes, l\u2019indiff\u00e9rence ou le malaise. Certains mots contiennent pour chacun d\u2019entre nous leur lot de vulgarit\u00e9, d\u2019agressivit\u00e9, de d\u00e9go\u00fbt. Nos r\u00e9actions indiquent \u00e0 quel point ces mots nous taraudent. Le mot r\u00e9veille souvent le pass\u00e9, \u00e0 un moment que votre m\u00e9moire a englouti. Le mot a disparu mais la cicatrice est toujours l\u00e0, douloureuse. Et quand vous appuyez dessus innocemment ou bien que quelqu\u2019un appuie dessus, vous r\u00e9agissez, avec exc\u00e8s, sans comprendre pourquoi vous \u00eates tout d\u2019un coup si fragile. Imaginez une table basse, compos\u00e9e d\u2019un plateau en verre pos\u00e9 sur deux solides piliers. Vous allez sans souci poser des livres, des DVD, amasser toutes sortes d\u2019objets et, \u00e0 un moment donn\u00e9, vous allez poser une plume, une fleur, un simple stylo et tout va s\u2019\u00e9crouler. Ce n\u2019est pas le poids du dernier objet pos\u00e9 qui compte alors, c\u2019est ce que vous avez accumul\u00e9 jusque-l\u00e0.<\/span><\/em><\/p>\n<p align=\"JUSTIFY\"><em><span style=\"color: #000000;\">A l\u2019inverse, une bonne s\u00e9ance peut tout \u00e0 fait d\u00e9samorcer les mots qui blessent, les rendre anodins. Vous sentez alors une \u00e9nergie nouvelle vous envahir, l\u2019app\u00e9tit revenir, la peur s\u2019estomper. C\u2019est comme une renaissance. Pierre r\u00e9p\u00e9tait souvent : \u00ab Le monde est une onde, l\u2019\u00eatre humain est une onde munie d\u2019un capteur-\u00e9metteur. Tu es tr\u00e8s sensitif. Prends l\u2019\u00e9nergie o\u00f9 elle se trouve, chez les autres, dans la nature, dans les lieux que tu fr\u00e9quentes, dans l\u2019atmosph\u00e8re, aupr\u00e8s des animaux que tu aimes, dans tes bonnes actions. Plus on prend d\u2019\u00e9nergie, plus on brille, plus on attire les gens vers soi. \u00bb<\/span><\/em><\/p>\n<p align=\"JUSTIFY\"><em><span style=\"color: #000000;\">Curieusement, nous \u00e9tions partis du rugby et, en d\u00e9frichant chaque \u00e9tape de ma carri\u00e8re, nous \u00e9tions arriv\u00e9s \u00e0 tout ce qui touchait au sensoriel et au relationnel, mettant en \u00e9vidence que c\u2019\u00e9tait ce qu\u2019il y avait de plus important pour moi, le rugby n\u2019\u00e9tant qu\u2019un vecteur me permettant de vivre ces moments intenses et de me d\u00e9couvrir \u00e0 travers les d\u00e9fis.<\/span><\/em><\/p>\n<p align=\"JUSTIFY\"><em><span style=\"color: #000000;\">J\u2019en suis arriv\u00e9 \u00e0 la conclusion que le sport de haut niveau m\u2019avait permis de m\u2019oublier pendant des ann\u00e9es. Mais si je m\u2019\u00e9tais construit en tant que joueur de rugby, j\u2019\u00e9tais loin d\u2019avoir atteint l\u2019\u00e9quivalent en tant qu\u2019homme. Et surtout, je m\u2019\u00e9tais construit dans la douleur. Inconsciemment, de bagarre en rupture, je l\u2019avais magnifi\u00e9e. La douleur physique ne me faisait pas peur. J\u2019avais appris \u00e0 la dompter. Le \u00ab membre \u00bb qui me faisait le plus souffrir \u00e9tait celui que le destin m\u2019avait arrach\u00e9, ma s\u0153ur. Le reste de mes douleurs n\u2019\u00e9tait que des n\u0153uds \u00e0 d\u00e9faire en essayant de bien me comporter dans toutes les circonstances de la vie.<\/span><\/em><\/p>\n<p align=\"JUSTIFY\"><em><span style=\"color: #000000;\">Pierre me permit de le comprendre et m\u2019encouragea \u00e0 rattraper le temps perdu. Au fil du temps, notre amiti\u00e9 \u00e9tait devenue tr\u00e8s forte. Il m\u2019aida \u00e0 me fixer des objectifs pr\u00e9cis. Quand j\u2019avais mal quelque part, l\u00e0 o\u00f9 un m\u00e9decin m\u2019aurait donn\u00e9 un traitement pour me soulager, Pierre m\u2019aidait \u00e0 aller chercher en moi ce que ce mal signifiait, ce qui l\u2019avait d\u00e9clench\u00e9. Quand je trouvais le lien, le mal disparaissait et j\u2019avais la sensation de briller \u00e0 nouveau.<\/span><\/em><\/p>\n<p align=\"JUSTIFY\"><em><span style=\"color: #000000;\">J\u2019avan\u00e7ais si vite dans cette voie que j\u2019avais envie d\u2019en faire profiter tous les gens que je connaissais, mais je dois avouer que l\u2019accueil fut plut\u00f4t mitig\u00e9, aussi je cessais peu \u00e0 peu d\u2019en parler et m\u00eame de me mettre en col\u00e8re quand quelqu\u2019un s\u2019exclamait : \u00ab C\u2019est de la connerie ! \u00bb alors qu\u2019il n\u2019avait m\u00eame pas tent\u00e9 une seule exp\u00e9rience dans ce domaine.<\/span><\/em><\/p>\n<p align=\"JUSTIFY\"><em><span style=\"color: #000000;\">Gr\u00e2ce \u00e0 Pierre, j\u2019ai accompli un virage \u00e0 180\u00b0. Je n\u2019\u00e9tais plus la m\u00eame personne. J\u2019ai commenc\u00e9 \u00e0 dialoguer plus facilement. Il s\u2019est op\u00e9r\u00e9 en moi une v\u00e9ritable m\u00e9tamorphose dans mon approche de la vie.<\/span><\/em><\/p>\n<p align=\"JUSTIFY\"><em><span style=\"color: #000000;\">Par moment, gr\u00e2ce \u00e0 ce travail, je ressentais pour la premi\u00e8re fois de ma vie ce qu\u2019\u00e9tait la s\u00e9r\u00e9nit\u00e9. Tr\u00e8s difficile \u00e0 obtenir, on pourrait d\u00e9crire cet \u00e9tat sous la forme d\u2019un \u00e9quilibre parfait entre l\u2019int\u00e9rieur et l\u2019ext\u00e9rieur, entre le corps et l\u2019esprit. C\u2019est une sensation intime qui se glisse dans votre quotidien, vous enrobe et vous apporte un apaisement, un d\u00e9tachement par rapport \u00e0 ce qui habituellement vous contrarie ou vous irrite. Cela dure une dizaine de secondes, mais ce sont des instants marquants. \u00ab \u00c9couter, comprendre et \u00eatre \u00bb, me r\u00e9p\u00e9tait Pierre. \u00c9couter ce que les autres ou votre corps ont \u00e0 vous dire, faire l\u2019effort de la r\u00e9flexion sur ces donn\u00e9es, puis gr\u00e2ce \u00e0 ces informations, \u00eatre dans ses comportements quotidiens, fid\u00e8le \u00e0 ce que l\u2019on est \u00e0 l\u2019int\u00e9rieur de soi \u00bb.<\/span><\/em><\/p>\n<p align=\"JUSTIFY\">\n<h3 align=\"JUSTIFY\"><strong>Lionel MESSI<\/strong><\/h3>\n<div id=\"Section1\" dir=\"LTR\">\n<p align=\"JUSTIFY\">Footballeur professionnel<\/p>\n<p align=\"JUSTIFY\">\n\u00catre un sportif de haut niveau n\u00e9cessite une hygi\u00e8ne de vie particuli\u00e8re pour entretenir son corps convenablement. Les r\u00e9gimes intenses avant les comp\u00e9titions ne sont pas recommand\u00e9s, pr\u00e9f\u00e9rant un suivi alimentaire r\u00e9gulier pour habituer le corps. Le docteur Giuliano Poser suit le footballeur argentin, Lionel Messi, jouant au FC Barcelone et lui propose des m\u00e9thodes peu communes\u00a0: la kin\u00e9siologie et l\u2019hom\u00e9opathie.<\/p>\n<p align=\"JUSTIFY\">Un journaliste de la revue <span lang=\"zxx\"><u><a href=\"http:\/\/www.mundodeportivo.com\/futbol\/fc-barcelona\/20160427\/401405636030\/los-secretos-de-la-dieta-de-leo-messi.html\">El Mundo Deportivo<\/a><\/u><\/span> a interview\u00e9 le m\u00e9decin de Lionel Messi pour en savoir un peu plus sur son hygi\u00e8ne de vie. Le docteur Giuliano Poser fait suivre un r\u00e9gime sp\u00e9cial au joueur de foot, non commun dans le milieu sportif. Il utilise la m\u00e9decine douce qui n\u2019est pas vue d\u2019un bon \u0153il chez tous les praticiens. Mais Lionel Messi se porte tr\u00e8s bien, les techniques du docteur Giuliano Poser semblent efficaces.<\/p>\n<p align=\"JUSTIFY\">C\u2019est au nord de l\u2019Italie, dans la ville de Sacile que le journaliste a rencontr\u00e9 le m\u00e9decin de Lionel Messi. Au premier abord Giuliano Poser refuse cat\u00e9goriquement l\u2019interview contraint au secret professionnel et ne voulant \u00e9taler la vie de ses clients. Puis, il a accept\u00e9 de pr\u00e9senter les m\u00e9thodes et conseils qu\u2019il donne \u00e0 ses patients et notamment \u00e0 Lionel Messi. C\u2019est une interview exclusive, le docteur n\u2019a re\u00e7u jusqu\u2019\u00e0 aujourd\u2019hui que deux journalistes.<\/p>\n<p align=\"JUSTIFY\">Contrairement \u00e0 la plupart des m\u00e9decins, il propose des m\u00e9thodes compl\u00e8tement diff\u00e9rentes qui tendent \u00e0 soigner les maux \u00e0 leur origine et non simplement les soulager. Il utilise des m\u00e9thodes de kin\u00e9siologie et favorise les m\u00e9dicaments hom\u00e9opathiques consid\u00e9rant leurs bienfaits sur le corps excellents et bien plus naturels. La kin\u00e9siologie est une m\u00e9decine douce qui mobilise \u00e0 la fois le mental et le corps. Par des tests musculaires, elle cible les d\u00e9faillances li\u00e9es aux \u00e9motions ainsi qu\u2019aux d\u00e9s\u00e9quilibres \u00e9nerg\u00e9tiques. Le patient est ensuite pris en charge pour retrouver un \u00e9quilibre et optimiser son potentiel.<\/p>\n<p align=\"JUSTIFY\">Mais le docteur ajoute que la cl\u00e9 pour cultiver un corps de sportif est l\u2019alimentation\u00a0: \u00ab\u00a0<em>Il y a un ensemble de 5 aliments que je d\u00e9finis comme l\u2019essence parfaite\u00a0: l\u2019eau, une bonne huile d\u2019olive, les grains entiers et des fruits frais et des l\u00e9gumes biologiques, qui ne sont pas contamin\u00e9s par des pesticides ou des herbicides parce qu\u2019ils ne sont pas bons pour la sant\u00e9\u00a0<\/em>\u00bb. Il ajoute ensuite que le sucre est enti\u00e8rement \u00e0 bannir de l\u2019alimentation, car il est mauvais pour la masse musculaire et la viande est \u00e0 manger raisonnablement, car c\u2019est un aliment mal dig\u00e9r\u00e9 par le corps. Malgr\u00e9 ses origines argentines o\u00f9 l\u2019on mange \u00e9norm\u00e9ment de viande, Lionel Messi suit \u00e0 la lettre ce traitement nutritionnel et semble se porter \u00e0 merveille.<\/p>\n<p align=\"JUSTIFY\">Les m\u00e9thodes du docteur Giuliano ont d\u2019abord \u00e9t\u00e9 mal vues, soup\u00e7onnant des r\u00e9sultats peu satisfaisants en suivant ce type de m\u00e9decine douce. Puis, ayant comme patient le c\u00e9l\u00e8bre footballeur, il a pu prouver qu\u2019elles fonctionnaient parfaitement et que le joueur \u00e9tait en tr\u00e8s bonne sant\u00e9 physique et mentale. N\u2019oublions pas qu\u2019il a re\u00e7u \u00e0 5 reprises, le Ballon d\u2019or et qu\u2019en 2015, il compte 52 buts sur les 61 matchs disput\u00e9s.<\/p>\n<\/div>\n","protected":false},"excerpt":{"rendered":"<p>Christophe DOMINICI et Lionel MESSI ont pour point commun d&rsquo;avoir eu recours \u00e0 la kin\u00e9siologie dans le cadre de leur [&hellip;]<\/p>\n","protected":false},"author":1,"featured_media":0,"parent":0,"menu_order":0,"comment_status":"closed","ping_status":"closed","template":"","meta":{"site-sidebar-layout":"default","site-content-layout":"","ast-site-content-layout":"default","site-content-style":"default","site-sidebar-style":"default","ast-global-header-display":"","ast-banner-title-visibility":"","ast-main-header-display":"","ast-hfb-above-header-display":"","ast-hfb-below-header-display":"","ast-hfb-mobile-header-display":"","site-post-title":"","ast-breadcrumbs-content":"","ast-featured-img":"","footer-sml-layout":"","ast-disable-related-posts":"","theme-transparent-header-meta":"","adv-header-id-meta":"","stick-header-meta":"","header-above-stick-meta":"","header-main-stick-meta":"","header-below-stick-meta":"","astra-migrate-meta-layouts":"default","ast-page-background-enabled":"default","ast-page-background-meta":{"desktop":{"background-color":"var(--ast-global-color-4)","background-image":"","background-repeat":"repeat","background-position":"center center","background-size":"auto","background-attachment":"scroll","background-type":"","background-media":"","overlay-type":"","overlay-color":"","overlay-opacity":"","overlay-gradient":""},"tablet":{"background-color":"","background-image":"","background-repeat":"repeat","background-position":"center center","background-size":"auto","background-attachment":"scroll","background-type":"","background-media":"","overlay-type":"","overlay-color":"","overlay-opacity":"","overlay-gradient":""},"mobile":{"background-color":"","background-image":"","background-repeat":"repeat","background-position":"center center","background-size":"auto","background-attachment":"scroll","background-type":"","background-media":"","overlay-type":"","overlay-color":"","overlay-opacity":"","overlay-gradient":""}},"ast-content-background-meta":{"desktop":{"background-color":"var(--ast-global-color-5)","background-image":"","background-repeat":"repeat","background-position":"center center","background-size":"auto","background-attachment":"scroll","background-type":"","background-media":"","overlay-type":"","overlay-color":"","overlay-opacity":"","overlay-gradient":""},"tablet":{"background-color":"var(--ast-global-color-5)","background-image":"","background-repeat":"repeat","background-position":"center center","background-size":"auto","background-attachment":"scroll","background-type":"","background-media":"","overlay-type":"","overlay-color":"","overlay-opacity":"","overlay-gradient":""},"mobile":{"background-color":"var(--ast-global-color-5)","background-image":"","background-repeat":"repeat","background-position":"center center","background-size":"auto","background-attachment":"scroll","background-type":"","background-media":"","overlay-type":"","overlay-color":"","overlay-opacity":"","overlay-gradient":""}},"iawp_total_views":69,"footnotes":""},"class_list":["post-76","page","type-page","status-publish","hentry"],"jetpack_sharing_enabled":true,"_links":{"self":[{"href":"https:\/\/kinesiologieparis.fr\/index.php\/wp-json\/wp\/v2\/pages\/76","targetHints":{"allow":["GET"]}}],"collection":[{"href":"https:\/\/kinesiologieparis.fr\/index.php\/wp-json\/wp\/v2\/pages"}],"about":[{"href":"https:\/\/kinesiologieparis.fr\/index.php\/wp-json\/wp\/v2\/types\/page"}],"author":[{"embeddable":true,"href":"https:\/\/kinesiologieparis.fr\/index.php\/wp-json\/wp\/v2\/users\/1"}],"replies":[{"embeddable":true,"href":"https:\/\/kinesiologieparis.fr\/index.php\/wp-json\/wp\/v2\/comments?post=76"}],"version-history":[{"count":4,"href":"https:\/\/kinesiologieparis.fr\/index.php\/wp-json\/wp\/v2\/pages\/76\/revisions"}],"predecessor-version":[{"id":535,"href":"https:\/\/kinesiologieparis.fr\/index.php\/wp-json\/wp\/v2\/pages\/76\/revisions\/535"}],"wp:attachment":[{"href":"https:\/\/kinesiologieparis.fr\/index.php\/wp-json\/wp\/v2\/media?parent=76"}],"curies":[{"name":"wp","href":"https:\/\/api.w.org\/{rel}","templated":true}]}}