{"id":3905,"date":"2026-04-10T08:03:20","date_gmt":"2026-04-10T06:03:20","guid":{"rendered":"https:\/\/kinesiologieparis.fr\/?page_id=3905"},"modified":"2026-04-10T08:03:55","modified_gmt":"2026-04-10T06:03:55","slug":"groupe-de-paroles-de-femmes","status":"publish","type":"page","link":"https:\/\/kinesiologieparis.fr\/index.php\/groupe-de-paroles-de-femmes\/","title":{"rendered":"Groupe de paroles de femmes"},"content":{"rendered":"\n<p>C&rsquo;est quelque chose que je n&rsquo;avais pas anticip\u00e9. Quand je suis devenu kin\u00e9siologue, je me suis retrouv\u00e9 confront\u00e9 \u00e0 une client\u00e8le tr\u00e8s majoritairement f\u00e9minine. Au bout de 10 ans d&rsquo;exercice, la statistique est indiscutable : ma client\u00e8le est compos\u00e9e \u00e0 80% de femmes, contre 20% d&rsquo;hommes, dont la moiti\u00e9 sont des enfants, accompagn\u00e9s de leur m\u00e8re..<br>Mais o\u00f9 sont les hommes ?!<\/p>\n\n\n\n<p>A force de recevoir ces femmes, de me confronter \u00e0 leurs histoires, \u00e0 leurs ressentis et leurs \u00e9motions, une nouvelle compr\u00e9hension a fait jour pour moi. Il y avait l\u00e0 un sch\u00e9ma, une m\u00e9canique commune \u00e0 toutes ces histoires, qui reliait les souffrances de ces femmes et l&rsquo;absence des hommes dans ma petite statistique.<\/p>\n\n\n\n<p>En lisant \u00ab\u00a0la volont\u00e9 de changer\u00a0\u00bb de bell hooks, je d\u00e9couvrais des concepts\/mots comme \u00ab\u00a0patriarcat\u00a0\u00bb, \u00ab\u00a0rapport de domination\u00a0\u00bb, qui m&rsquo;aidaient \u00e0 mieux comprendre ce qu&rsquo;exprimaient toutes ces femmes, \u00e0 mieux comprendre le fonctionnement de cette m\u00e9canique.<br>Et \u00e0 mieux me comprendre finalement car, que je le veuille ou non, j&rsquo;ai moi aussi \u00e9t\u00e9 fa\u00e7onn\u00e9 par cette m\u00e9canique.<\/p>\n\n\n\n<p>Si j&rsquo;ai pu changer de point de vue, m&rsquo;ouvrir \u00e0 ces prises de conscience, c&rsquo;est gr\u00e2ce \u00e0 ces femmes. Il y a bien s\u00fbr celle qui m&rsquo;a offert un jour ce livre de bell hooks, mon \u00e9pouse, et il y a toutes celles avec qui j&rsquo;ai travaill\u00e9, qui m&rsquo;ont fait confiance en me racontant leur histoire, et qui s\u00e9ance apr\u00e8s s\u00e9ance ont fait se fissurer les \u0153ill\u00e8res que l&rsquo;\u00e9ducation patriarcale m&rsquo;avait greff\u00e9.<\/p>\n\n\n\n<p>J&rsquo;ai pris conscience qu&rsquo;en m\u00eame temps que les histoires de ces femmes m&rsquo;obligeaient \u00e0 me confronter \u00e0 mes conditionnements d&rsquo;homme dominant, elles se lib\u00e9raient avec moi de leurs propres conditionnements. Car c&rsquo;est une \u00e9vidence pour moi aujourd&rsquo;hui, on n&rsquo;accepte pas un syst\u00e8me aussi injuste sans avoir \u00e9t\u00e9 conditionn\u00e9.e \u00e0 l&rsquo;accepter.<\/p>\n\n\n\n<p>Aujourd&rsquo;hui j&rsquo;ai envie de continuer ce cheminement en animant un groupe de paroles de femmes, dans lequel ces paroles seraient entendues, \u00e9cout\u00e9es, re\u00e7ues par l&rsquo;homme que je suis devenu, transform\u00e9 par toutes ces r\u00e9cits de femmes, comme un juste retour des choses.<\/p>\n\n\n\n<p>Alors j&rsquo;ai propos\u00e9 \u00e0 mon amie et cons\u0153ur <a href=\"https:\/\/www.fasol-kinesiologie.com\">Yacine Fall Solbes<\/a> de me rejoindre dans ce projet, parce que nous avons beaucoup \u00e9chang\u00e9 sur ces sujets, parce que j&rsquo;ai confiance dans sa pratique et dans sa posture de kin\u00e9siologue, et parce que j&rsquo;avais envie de partager \u00e7\u00e0 avec elle.<br>Et j&rsquo;ai de la chance, elle a accept\u00e9 \ud83d\ude42<\/p>\n\n\n\n<p>Rdv le 30 avril \u00e0 18h30 \u00e0 l&rsquo;espace Jaya, 284 rue des Pyr\u00e9n\u00e9es 75020 Paris.<br>40\u20ac\/personne, 10 personnes max.<br>informations et r\u00e9servations au 06.82.45.98.13<\/p>\n\n\n\n<figure class=\"wp-block-image size-large\"><img loading=\"lazy\" decoding=\"async\" width=\"1024\" height=\"680\" src=\"https:\/\/kinesiologieparis.fr\/wp-content\/uploads\/2026\/04\/flyer-groupe-de-paroles-de-femmes-3-1024x680.png\" alt=\"\" class=\"wp-image-3906\" srcset=\"https:\/\/kinesiologieparis.fr\/wp-content\/uploads\/2026\/04\/flyer-groupe-de-paroles-de-femmes-3-1024x680.png 1024w, https:\/\/kinesiologieparis.fr\/wp-content\/uploads\/2026\/04\/flyer-groupe-de-paroles-de-femmes-3-300x199.png 300w, https:\/\/kinesiologieparis.fr\/wp-content\/uploads\/2026\/04\/flyer-groupe-de-paroles-de-femmes-3-768x510.png 768w, https:\/\/kinesiologieparis.fr\/wp-content\/uploads\/2026\/04\/flyer-groupe-de-paroles-de-femmes-3-1536x1021.png 1536w, https:\/\/kinesiologieparis.fr\/wp-content\/uploads\/2026\/04\/flyer-groupe-de-paroles-de-femmes-3.png 2000w\" sizes=\"auto, (max-width: 1024px) 100vw, 1024px\" \/><\/figure>\n\n\n\n<p><\/p>\n","protected":false},"excerpt":{"rendered":"<p>C&rsquo;est quelque chose que je n&rsquo;avais pas anticip\u00e9. Quand je suis devenu kin\u00e9siologue, je me suis retrouv\u00e9 confront\u00e9 \u00e0 une [&hellip;]<\/p>\n","protected":false},"author":1,"featured_media":0,"parent":0,"menu_order":0,"comment_status":"closed","ping_status":"closed","template":"","meta":{"site-sidebar-layout":"default","site-content-layout":"","ast-site-content-layout":"default","site-content-style":"default","site-sidebar-style":"default","ast-global-header-display":"","ast-banner-title-visibility":"","ast-main-header-display":"","ast-hfb-above-header-display":"","ast-hfb-below-header-display":"","ast-hfb-mobile-header-display":"","site-post-title":"","ast-breadcrumbs-content":"","ast-featured-img":"","footer-sml-layout":"","ast-disable-related-posts":"","theme-transparent-header-meta":"","adv-header-id-meta":"","stick-header-meta":"","header-above-stick-meta":"","header-main-stick-meta":"","header-below-stick-meta":"","astra-migrate-meta-layouts":"default","ast-page-background-enabled":"default","ast-page-background-meta":{"desktop":{"background-color":"var(--ast-global-color-4)","background-image":"","background-repeat":"repeat","background-position":"center center","background-size":"auto","background-attachment":"scroll","background-type":"","background-media":"","overlay-type":"","overlay-color":"","overlay-opacity":"","overlay-gradient":""},"tablet":{"background-color":"","background-image":"","background-repeat":"repeat","background-position":"center center","background-size":"auto","background-attachment":"scroll","background-type":"","background-media":"","overlay-type":"","overlay-color":"","overlay-opacity":"","overlay-gradient":""},"mobile":{"background-color":"","background-image":"","background-repeat":"repeat","background-position":"center center","background-size":"auto","background-attachment":"scroll","background-type":"","background-media":"","overlay-type":"","overlay-color":"","overlay-opacity":"","overlay-gradient":""}},"ast-content-background-meta":{"desktop":{"background-color":"var(--ast-global-color-5)","background-image":"","background-repeat":"repeat","background-position":"center center","background-size":"auto","background-attachment":"scroll","background-type":"","background-media":"","overlay-type":"","overlay-color":"","overlay-opacity":"","overlay-gradient":""},"tablet":{"background-color":"var(--ast-global-color-5)","background-image":"","background-repeat":"repeat","background-position":"center center","background-size":"auto","background-attachment":"scroll","background-type":"","background-media":"","overlay-type":"","overlay-color":"","overlay-opacity":"","overlay-gradient":""},"mobile":{"background-color":"var(--ast-global-color-5)","background-image":"","background-repeat":"repeat","background-position":"center center","background-size":"auto","background-attachment":"scroll","background-type":"","background-media":"","overlay-type":"","overlay-color":"","overlay-opacity":"","overlay-gradient":""}},"iawp_total_views":0,"footnotes":""},"class_list":["post-3905","page","type-page","status-publish","hentry"],"jetpack_sharing_enabled":true,"_links":{"self":[{"href":"https:\/\/kinesiologieparis.fr\/index.php\/wp-json\/wp\/v2\/pages\/3905","targetHints":{"allow":["GET"]}}],"collection":[{"href":"https:\/\/kinesiologieparis.fr\/index.php\/wp-json\/wp\/v2\/pages"}],"about":[{"href":"https:\/\/kinesiologieparis.fr\/index.php\/wp-json\/wp\/v2\/types\/page"}],"author":[{"embeddable":true,"href":"https:\/\/kinesiologieparis.fr\/index.php\/wp-json\/wp\/v2\/users\/1"}],"replies":[{"embeddable":true,"href":"https:\/\/kinesiologieparis.fr\/index.php\/wp-json\/wp\/v2\/comments?post=3905"}],"version-history":[{"count":1,"href":"https:\/\/kinesiologieparis.fr\/index.php\/wp-json\/wp\/v2\/pages\/3905\/revisions"}],"predecessor-version":[{"id":3907,"href":"https:\/\/kinesiologieparis.fr\/index.php\/wp-json\/wp\/v2\/pages\/3905\/revisions\/3907"}],"wp:attachment":[{"href":"https:\/\/kinesiologieparis.fr\/index.php\/wp-json\/wp\/v2\/media?parent=3905"}],"curies":[{"name":"wp","href":"https:\/\/api.w.org\/{rel}","templated":true}]}}