{"id":2767,"date":"2024-05-26T16:17:17","date_gmt":"2024-05-26T14:17:17","guid":{"rendered":"https:\/\/kinesiologieparis.fr\/?page_id=2767"},"modified":"2024-05-26T19:28:01","modified_gmt":"2024-05-26T17:28:01","slug":"le-blog","status":"publish","type":"page","link":"https:\/\/kinesiologieparis.fr\/index.php\/le-blog\/","title":{"rendered":"Le Blog"},"content":{"rendered":"\n<p>Vous trouverez ici des articles donnant mon point de vue du kin\u00e9siologue sur les diff\u00e9rentes probl\u00e9matiques que nous pouvons rencontrer lors d&rsquo;une s\u00e9ance : anxi\u00e9t\u00e9 et angoisse, stress post traumatique (SPT), la kin\u00e9siologie et la pr\u00e9paration mentale, etc.<br>D&rsquo;autres articles sont \u00e0 encore \u00e0 venir, et s&rsquo;il y des th\u00e8mes que vous aimeriez me voir aborder, n&rsquo;h\u00e9sitez pas \u00e0 me <a href=\"https:\/\/kinesiologieparis.fr\/index.php\/contact\/\" data-type=\"link\" data-id=\"https:\/\/kinesiologieparis.fr\/index.php\/contact\/\">contacter<\/a>.<\/p>\n\n\n\n<p><\/p>\n\n\n\n<figure class=\"wp-block-image aligncenter size-large\"><img loading=\"lazy\" decoding=\"async\" width=\"1024\" height=\"95\" src=\"https:\/\/kinesiologieparis.fr\/wp-content\/uploads\/2017\/07\/cropped-image-1-1024x95.jpg\" alt=\"\" class=\"wp-image-112\" srcset=\"https:\/\/kinesiologieparis.fr\/wp-content\/uploads\/2017\/07\/cropped-image-1-1024x95.jpg 1024w, https:\/\/kinesiologieparis.fr\/wp-content\/uploads\/2017\/07\/cropped-image-1-300x28.jpg 300w, https:\/\/kinesiologieparis.fr\/wp-content\/uploads\/2017\/07\/cropped-image-1-768x71.jpg 768w, https:\/\/kinesiologieparis.fr\/wp-content\/uploads\/2017\/07\/cropped-image-1.jpg 1200w\" sizes=\"auto, (max-width: 1024px) 100vw, 1024px\" \/><\/figure>\n\n\n\n<p><\/p>\n\n\n\n<ul class=\"wp-block-list\">\n<li><a href=\"https:\/\/kinesiologieparis.fr\/index.php\/2024\/05\/05\/anxiete-angoisse-et-kinesiologie\/\" data-type=\"post\" data-id=\"2694\">Anxi\u00e9t\u00e9 et Angoisse<\/a><\/li>\n\n\n\n<li><a href=\"https:\/\/kinesiologieparis.fr\/index.php\/kinesio-et-sport\/\" data-type=\"page\" data-id=\"2\">Sport &amp; kin\u00e9siologie<\/a><\/li>\n<\/ul>\n","protected":false},"excerpt":{"rendered":"<p>Vous trouverez ici des articles donnant mon point de vue du kin\u00e9siologue sur les diff\u00e9rentes probl\u00e9matiques que nous pouvons rencontrer [&hellip;]<\/p>\n","protected":false},"author":1,"featured_media":0,"parent":0,"menu_order":0,"comment_status":"closed","ping_status":"closed","template":"","meta":{"site-sidebar-layout":"default","site-content-layout":"","ast-site-content-layout":"default","site-content-style":"default","site-sidebar-style":"default","ast-global-header-display":"","ast-banner-title-visibility":"","ast-main-header-display":"","ast-hfb-above-header-display":"","ast-hfb-below-header-display":"","ast-hfb-mobile-header-display":"","site-post-title":"","ast-breadcrumbs-content":"","ast-featured-img":"","footer-sml-layout":"","ast-disable-related-posts":"","theme-transparent-header-meta":"","adv-header-id-meta":"","stick-header-meta":"","header-above-stick-meta":"","header-main-stick-meta":"","header-below-stick-meta":"","astra-migrate-meta-layouts":"default","ast-page-background-enabled":"default","ast-page-background-meta":{"desktop":{"background-color":"var(--ast-global-color-4)","background-image":"","background-repeat":"repeat","background-position":"center center","background-size":"auto","background-attachment":"scroll","background-type":"","background-media":"","overlay-type":"","overlay-color":"","overlay-opacity":"","overlay-gradient":""},"tablet":{"background-color":"","background-image":"","background-repeat":"repeat","background-position":"center center","background-size":"auto","background-attachment":"scroll","background-type":"","background-media":"","overlay-type":"","overlay-color":"","overlay-opacity":"","overlay-gradient":""},"mobile":{"background-color":"","background-image":"","background-repeat":"repeat","background-position":"center center","background-size":"auto","background-attachment":"scroll","background-type":"","background-media":"","overlay-type":"","overlay-color":"","overlay-opacity":"","overlay-gradient":""}},"ast-content-background-meta":{"desktop":{"background-color":"var(--ast-global-color-5)","background-image":"","background-repeat":"repeat","background-position":"center center","background-size":"auto","background-attachment":"scroll","background-type":"","background-media":"","overlay-type":"","overlay-color":"","overlay-opacity":"","overlay-gradient":""},"tablet":{"background-color":"var(--ast-global-color-5)","background-image":"","background-repeat":"repeat","background-position":"center center","background-size":"auto","background-attachment":"scroll","background-type":"","background-media":"","overlay-type":"","overlay-color":"","overlay-opacity":"","overlay-gradient":""},"mobile":{"background-color":"var(--ast-global-color-5)","background-image":"","background-repeat":"repeat","background-position":"center center","background-size":"auto","background-attachment":"scroll","background-type":"","background-media":"","overlay-type":"","overlay-color":"","overlay-opacity":"","overlay-gradient":""}},"iawp_total_views":39,"footnotes":""},"class_list":["post-2767","page","type-page","status-publish","hentry"],"jetpack_sharing_enabled":true,"_links":{"self":[{"href":"https:\/\/kinesiologieparis.fr\/index.php\/wp-json\/wp\/v2\/pages\/2767","targetHints":{"allow":["GET"]}}],"collection":[{"href":"https:\/\/kinesiologieparis.fr\/index.php\/wp-json\/wp\/v2\/pages"}],"about":[{"href":"https:\/\/kinesiologieparis.fr\/index.php\/wp-json\/wp\/v2\/types\/page"}],"author":[{"embeddable":true,"href":"https:\/\/kinesiologieparis.fr\/index.php\/wp-json\/wp\/v2\/users\/1"}],"replies":[{"embeddable":true,"href":"https:\/\/kinesiologieparis.fr\/index.php\/wp-json\/wp\/v2\/comments?post=2767"}],"version-history":[{"count":4,"href":"https:\/\/kinesiologieparis.fr\/index.php\/wp-json\/wp\/v2\/pages\/2767\/revisions"}],"predecessor-version":[{"id":2782,"href":"https:\/\/kinesiologieparis.fr\/index.php\/wp-json\/wp\/v2\/pages\/2767\/revisions\/2782"}],"wp:attachment":[{"href":"https:\/\/kinesiologieparis.fr\/index.php\/wp-json\/wp\/v2\/media?parent=2767"}],"curies":[{"name":"wp","href":"https:\/\/api.w.org\/{rel}","templated":true}]}}