{"id":1672,"date":"2022-09-04T21:03:12","date_gmt":"2022-09-04T19:03:12","guid":{"rendered":"https:\/\/kinesiologieparis.fr\/?page_id=1672"},"modified":"2024-03-08T19:48:12","modified_gmt":"2024-03-08T18:48:12","slug":"supervision-en-kinesiologie","status":"publish","type":"page","link":"https:\/\/kinesiologieparis.fr\/index.php\/supervision-en-kinesiologie\/","title":{"rendered":"Supervision en kin\u00e9siologie"},"content":{"rendered":"\n<p>Je propose d\u00e9sormais des  s\u00e9ances de supervision de pratique professionnelle.<br>Ces s\u00e9ances sp\u00e9cifiques s&rsquo;adressent aux kin\u00e9siologues install\u00e9.e.s ou en formation.<\/p>\n\n\n\n<p>Le but est d&rsquo;accompagner les kin\u00e9siologues dans leur pratique, dans sa posture comme dans sa technique, ainsi que dans ses questionnements et ses doutes.<br>Cet accompagnement est pens\u00e9 comme un \u00e9change entre confr\u00e8res, une confrontation d&rsquo;exp\u00e9rience, qui am\u00e8ne le\/la supervis\u00e9(e) \u00e0 r\u00e9fl\u00e9chir sur sa pratique et trouver ses propres r\u00e9ponses.<\/p>\n\n\n\n<p><\/p>\n\n\n\n<h2 class=\"wp-block-heading\"><strong>Infos pratiques<\/strong> : <\/h2>\n\n\n\n<p>Les s\u00e9ances durent une heure et peuvent se faire au cabinet ou en visio.<\/p>\n\n\n\n<p>Tarif : 60\u20ac (la premi\u00e8re s\u00e9ance est gratuite).<br>Dur\u00e9e : 40 minutes<\/p>\n\n\n\n<p>Pour la prise de rendez-vous de supervision vous \u00eates pri\u00e9s de me contacter directement.<\/p>\n","protected":false},"excerpt":{"rendered":"<p>Je propose d\u00e9sormais des s\u00e9ances de supervision de pratique professionnelle.Ces s\u00e9ances sp\u00e9cifiques s&rsquo;adressent aux kin\u00e9siologues install\u00e9.e.s ou en formation. Le [&hellip;]<\/p>\n","protected":false},"author":1,"featured_media":0,"parent":0,"menu_order":0,"comment_status":"closed","ping_status":"closed","template":"","meta":{"site-sidebar-layout":"default","site-content-layout":"","ast-site-content-layout":"default","site-content-style":"default","site-sidebar-style":"default","ast-global-header-display":"","ast-banner-title-visibility":"","ast-main-header-display":"","ast-hfb-above-header-display":"","ast-hfb-below-header-display":"","ast-hfb-mobile-header-display":"","site-post-title":"","ast-breadcrumbs-content":"","ast-featured-img":"","footer-sml-layout":"","ast-disable-related-posts":"","theme-transparent-header-meta":"","adv-header-id-meta":"","stick-header-meta":"","header-above-stick-meta":"","header-main-stick-meta":"","header-below-stick-meta":"","astra-migrate-meta-layouts":"default","ast-page-background-enabled":"default","ast-page-background-meta":{"desktop":{"background-color":"var(--ast-global-color-4)","background-image":"","background-repeat":"repeat","background-position":"center center","background-size":"auto","background-attachment":"scroll","background-type":"","background-media":"","overlay-type":"","overlay-color":"","overlay-opacity":"","overlay-gradient":""},"tablet":{"background-color":"","background-image":"","background-repeat":"repeat","background-position":"center center","background-size":"auto","background-attachment":"scroll","background-type":"","background-media":"","overlay-type":"","overlay-color":"","overlay-opacity":"","overlay-gradient":""},"mobile":{"background-color":"","background-image":"","background-repeat":"repeat","background-position":"center center","background-size":"auto","background-attachment":"scroll","background-type":"","background-media":"","overlay-type":"","overlay-color":"","overlay-opacity":"","overlay-gradient":""}},"ast-content-background-meta":{"desktop":{"background-color":"var(--ast-global-color-5)","background-image":"","background-repeat":"repeat","background-position":"center center","background-size":"auto","background-attachment":"scroll","background-type":"","background-media":"","overlay-type":"","overlay-color":"","overlay-opacity":"","overlay-gradient":""},"tablet":{"background-color":"var(--ast-global-color-5)","background-image":"","background-repeat":"repeat","background-position":"center center","background-size":"auto","background-attachment":"scroll","background-type":"","background-media":"","overlay-type":"","overlay-color":"","overlay-opacity":"","overlay-gradient":""},"mobile":{"background-color":"var(--ast-global-color-5)","background-image":"","background-repeat":"repeat","background-position":"center center","background-size":"auto","background-attachment":"scroll","background-type":"","background-media":"","overlay-type":"","overlay-color":"","overlay-opacity":"","overlay-gradient":""}},"iawp_total_views":51,"footnotes":""},"class_list":["post-1672","page","type-page","status-publish","hentry"],"jetpack_sharing_enabled":true,"_links":{"self":[{"href":"https:\/\/kinesiologieparis.fr\/index.php\/wp-json\/wp\/v2\/pages\/1672","targetHints":{"allow":["GET"]}}],"collection":[{"href":"https:\/\/kinesiologieparis.fr\/index.php\/wp-json\/wp\/v2\/pages"}],"about":[{"href":"https:\/\/kinesiologieparis.fr\/index.php\/wp-json\/wp\/v2\/types\/page"}],"author":[{"embeddable":true,"href":"https:\/\/kinesiologieparis.fr\/index.php\/wp-json\/wp\/v2\/users\/1"}],"replies":[{"embeddable":true,"href":"https:\/\/kinesiologieparis.fr\/index.php\/wp-json\/wp\/v2\/comments?post=1672"}],"version-history":[{"count":6,"href":"https:\/\/kinesiologieparis.fr\/index.php\/wp-json\/wp\/v2\/pages\/1672\/revisions"}],"predecessor-version":[{"id":2628,"href":"https:\/\/kinesiologieparis.fr\/index.php\/wp-json\/wp\/v2\/pages\/1672\/revisions\/2628"}],"wp:attachment":[{"href":"https:\/\/kinesiologieparis.fr\/index.php\/wp-json\/wp\/v2\/media?parent=1672"}],"curies":[{"name":"wp","href":"https:\/\/api.w.org\/{rel}","templated":true}]}}