{"id":138,"date":"2017-07-14T14:09:15","date_gmt":"2017-07-14T13:09:15","guid":{"rendered":"http:\/\/kinesiologieparis.fr\/?page_id=138"},"modified":"2024-05-09T15:24:41","modified_gmt":"2024-05-09T13:24:41","slug":"deroulement-dune-seance","status":"publish","type":"page","link":"https:\/\/kinesiologieparis.fr\/index.php\/deroulement-dune-seance\/","title":{"rendered":"D\u00e9roulement d&rsquo;une s\u00e9ance"},"content":{"rendered":"<h5>Dur\u00e9e<\/h5>\n<p>1 heure.<\/p>\n<h5>D\u00e9roulement<\/h5>\n<p>Sauf rares exceptions vous \u00eates allong\u00e9.e.s sur le dos pendant toute la s\u00e9ance, habill\u00e9.e.s et d\u00e9chauss\u00e9.e.s. Vous serez certainement amen\u00e9.e.s \u00e0 faire des mouvements, avec les bras ou les jambes, pensez donc \u00e0 vous habiller de mani\u00e8re appropri\u00e9e.<\/p>\n<h5>Pour qui ?<\/h5>\n<p>Les s\u00e9ances s&rsquo;adressent \u00e0 tous.te, de l&rsquo;enfant \u00e0 l&rsquo;adulte. Il n&rsquo;y a pas de contre-indications pour les femmes enceintes.<\/p>\n<h5>Pour quoi ?<\/h5>\n<p>Pour les insomnies, les angoisses, l&rsquo;anxi\u00e9t\u00e9, les douleurs, les addictions, les phobies, l&rsquo;urticaire et l\u2019ecz\u00e9ma, les burn-out, les situations de conflits professionnels, familiaux ou matrimoniaux, les probl\u00e8mes de sexualit\u00e9, les difficult\u00e9s \u00e0 avoir un enfant, se lib\u00e9rer d&rsquo;un traumatisme.<br \/>\nPour les troubles de l&rsquo;apprentissage, comme la dyslexie, les probl\u00e8mes de concentration, les difficult\u00e9s \u00e0 r\u00e9ussir un examen, un entretien..<br \/>\nDans le cadre d&rsquo;un d\u00e9veloppement personnel, en lien avec une psychoth\u00e9rapie ou une psychanalyse par exemple.<br \/>\nPour la <a href=\"https:\/\/kinesiologieparis.fr\/index.php\/kinesio-et-sport\/\">pr\u00e9paration mentale<\/a> des athl\u00e8tes de haut niveau.<\/p>\n<h5>Fr\u00e9quence<\/h5>\n<p>On conseille d&rsquo;espacer les s\u00e9ances d&rsquo;au moins trois semaines, le corps ayant besoin de temps pour assimiler une s\u00e9ance.<br \/>\nPour un objectif pr\u00e9cis, une \u00e0 trois s\u00e9ances suffisent g\u00e9n\u00e9ralement.<\/p>\n<h5>Tarif<\/h5>\n<p>90\u20ac pour les adultes et les adolescents, 75\u20ac pour les enfants (moins de 13 ans).<\/p>\n<p>Vous pouvez v\u00e9rifier <a href=\"https:\/\/www.resalib.fr\/remboursement\/mutuelle\/specialite\/65-kinesiologue\" target=\"_blank\" rel=\"noopener\">ici<\/a> si votre mutuelle prends en charge la kin\u00e9siologie et si oui dans quelles conditions.<\/p>\n<p>Mode de r\u00e8glement : ch\u00e8que,esp\u00e8ce ou virements (paylib, paypal, lydia).<br \/>\nSi vous avez des difficult\u00e9s financi\u00e8res n&rsquo;h\u00e9sitez pas \u00e0 me contacter avant le rendez-vous, afin que nous puissions nous mettre d&rsquo;accord sur un tarif.<\/p>\n<p><span style=\"text-decoration: underline;\">Les s\u00e9ances\u00a0non d\u00e9command\u00e9es ou report\u00e9es moins de 48h \u00e0 l\u2019avance sont dues.<\/span><\/p>\n<p>Le kin\u00e9siologue n\u2019\u00e9tablit ni diagnostic, ni traitement.<br \/>\nIl ne fait aucune prescription et ne demande jamais de suspendre un traitement m\u00e9dical.<br \/>\n<a href=\"https:\/\/www.annuaire-kinesiologie.fr\/code-de-deontologie\/\" target=\"_blank\" rel=\"noopener noreferrer\">Code de d\u00e9ontologie<\/a>.<\/p>\n","protected":false},"excerpt":{"rendered":"<p>Dur\u00e9e 1 heure. D\u00e9roulement Sauf rares exceptions vous \u00eates allong\u00e9.e.s sur le dos pendant toute la s\u00e9ance, habill\u00e9.e.s et d\u00e9chauss\u00e9.e.s. [&hellip;]<\/p>\n","protected":false},"author":1,"featured_media":0,"parent":0,"menu_order":0,"comment_status":"closed","ping_status":"closed","template":"","meta":{"site-sidebar-layout":"default","site-content-layout":"","ast-site-content-layout":"default","site-content-style":"default","site-sidebar-style":"default","ast-global-header-display":"","ast-banner-title-visibility":"","ast-main-header-display":"","ast-hfb-above-header-display":"","ast-hfb-below-header-display":"","ast-hfb-mobile-header-display":"","site-post-title":"","ast-breadcrumbs-content":"","ast-featured-img":"","footer-sml-layout":"","ast-disable-related-posts":"","theme-transparent-header-meta":"","adv-header-id-meta":"","stick-header-meta":"","header-above-stick-meta":"","header-main-stick-meta":"","header-below-stick-meta":"","astra-migrate-meta-layouts":"default","ast-page-background-enabled":"default","ast-page-background-meta":{"desktop":{"background-color":"var(--ast-global-color-4)","background-image":"","background-repeat":"repeat","background-position":"center center","background-size":"auto","background-attachment":"scroll","background-type":"","background-media":"","overlay-type":"","overlay-color":"","overlay-opacity":"","overlay-gradient":""},"tablet":{"background-color":"","background-image":"","background-repeat":"repeat","background-position":"center center","background-size":"auto","background-attachment":"scroll","background-type":"","background-media":"","overlay-type":"","overlay-color":"","overlay-opacity":"","overlay-gradient":""},"mobile":{"background-color":"","background-image":"","background-repeat":"repeat","background-position":"center center","background-size":"auto","background-attachment":"scroll","background-type":"","background-media":"","overlay-type":"","overlay-color":"","overlay-opacity":"","overlay-gradient":""}},"ast-content-background-meta":{"desktop":{"background-color":"var(--ast-global-color-5)","background-image":"","background-repeat":"repeat","background-position":"center center","background-size":"auto","background-attachment":"scroll","background-type":"","background-media":"","overlay-type":"","overlay-color":"","overlay-opacity":"","overlay-gradient":""},"tablet":{"background-color":"var(--ast-global-color-5)","background-image":"","background-repeat":"repeat","background-position":"center center","background-size":"auto","background-attachment":"scroll","background-type":"","background-media":"","overlay-type":"","overlay-color":"","overlay-opacity":"","overlay-gradient":""},"mobile":{"background-color":"var(--ast-global-color-5)","background-image":"","background-repeat":"repeat","background-position":"center center","background-size":"auto","background-attachment":"scroll","background-type":"","background-media":"","overlay-type":"","overlay-color":"","overlay-opacity":"","overlay-gradient":""}},"iawp_total_views":332,"footnotes":""},"class_list":["post-138","page","type-page","status-publish","hentry"],"jetpack_sharing_enabled":true,"_links":{"self":[{"href":"https:\/\/kinesiologieparis.fr\/index.php\/wp-json\/wp\/v2\/pages\/138","targetHints":{"allow":["GET"]}}],"collection":[{"href":"https:\/\/kinesiologieparis.fr\/index.php\/wp-json\/wp\/v2\/pages"}],"about":[{"href":"https:\/\/kinesiologieparis.fr\/index.php\/wp-json\/wp\/v2\/types\/page"}],"author":[{"embeddable":true,"href":"https:\/\/kinesiologieparis.fr\/index.php\/wp-json\/wp\/v2\/users\/1"}],"replies":[{"embeddable":true,"href":"https:\/\/kinesiologieparis.fr\/index.php\/wp-json\/wp\/v2\/comments?post=138"}],"version-history":[{"count":35,"href":"https:\/\/kinesiologieparis.fr\/index.php\/wp-json\/wp\/v2\/pages\/138\/revisions"}],"predecessor-version":[{"id":2751,"href":"https:\/\/kinesiologieparis.fr\/index.php\/wp-json\/wp\/v2\/pages\/138\/revisions\/2751"}],"wp:attachment":[{"href":"https:\/\/kinesiologieparis.fr\/index.php\/wp-json\/wp\/v2\/media?parent=138"}],"curies":[{"name":"wp","href":"https:\/\/api.w.org\/{rel}","templated":true}]}}