{"id":104,"date":"2017-07-09T23:38:54","date_gmt":"2017-07-09T21:38:54","guid":{"rendered":"http:\/\/kinesiologieparis.fr\/?page_id=104"},"modified":"2017-12-20T14:45:23","modified_gmt":"2017-12-20T13:45:23","slug":"la-kinesiologie","status":"publish","type":"page","link":"https:\/\/kinesiologieparis.fr\/index.php\/la-kinesiologie\/","title":{"rendered":"La kin\u00e9siologie"},"content":{"rendered":"<p>Les bases de la kin\u00e9siologie voient le jour dans les ann\u00e9es 60 aux \u00c9tats-Unis, lorsque le <a href=\"http:\/\/www.icakusa.com\/content\/dr-george-goodheart\" target=\"_blank\" rel=\"noopener\">Dr GOODHEART <\/a>met en \u00e9vidence la relation entre les muscles et les m\u00e9ridiens d&rsquo;acupuncture, et la possibilit\u00e9 de renforcer un m\u00e9ridien en renfor\u00e7ant le muscle associ\u00e9.<\/p>\n<p>Sur la base de cette d\u00e9couverte et de ses propres travaux, le Dr J. THIE publie en 1973 un livre : <a href=\"http:\/\/www.touch4health.com\" target=\"_blank\" rel=\"noopener\">\u00abTOUCH FOR HEALTH\u00bb<\/a> (traduit en 25 langues). Premier v\u00e9ritable \u00ab\u00a0manuel de kin\u00e9siologie\u00a0\u00bb, ce livre va permettre \u00e0 cette nouvelle discipline de se faire conna\u00eetre dans de nombreux pays.<\/p>\n<p>Il faut attendre 1998 pour qu&rsquo;en France, les \u00e9l\u00e9ments du livre de John THIE soient repris avec son accord dans le \u00ab\u00a0<strong>Manuel Pratique de Kin\u00e9siologie<\/strong>\u00a0\u00bb de Jean-Claude GUYARD (\u00c9ditions du Souffle d&rsquo;Or) r\u00e9\u00e9dit\u00e9 en 2012 avec le sous-titre \u00ab Sant\u00e9 par le Toucher \u00bb.<br \/>\nM. Guyard est le fondateur de l&rsquo;<a href=\"http:\/\/kinesiologie.fr\" target=\"_blank\" rel=\"noopener\">E.K.M.A. (\u00c9cole de Kin\u00e9siologie et M\u00e9thodes Appliqu\u00e9es).<\/a><\/p>\n<p>La kin\u00e9siologie \u00e9ducative, ou \u00e9dukin\u00e9siologie, mise au point par <a href=\"http:\/\/www.braingym.org\/history\">Paul Dennison<\/a>, se concentre sur l\u2019am\u00e9lioration de l\u2019apprentissage. Elle a pour objectif de stimuler, lib\u00e9rer et d\u00e9contracter pour permettre \u00e0 l\u2019adulte ou \u00e0 l\u2019enfant d\u2019acc\u00e9der \u00e0 tout son potentiel. Cette technique est souvent utilis\u00e9e en compl\u00e9ment des m\u00e9thodes \u00e9ducatives (suivi scolaire, orthophonie, etc.).<\/p>\n<p>&nbsp;<\/p>\n","protected":false},"excerpt":{"rendered":"<p>Les bases de la kin\u00e9siologie voient le jour dans les ann\u00e9es 60 aux \u00c9tats-Unis, lorsque le Dr GOODHEART met en [&hellip;]<\/p>\n","protected":false},"author":1,"featured_media":0,"parent":0,"menu_order":0,"comment_status":"closed","ping_status":"closed","template":"","meta":{"site-sidebar-layout":"default","site-content-layout":"","ast-site-content-layout":"default","site-content-style":"default","site-sidebar-style":"default","ast-global-header-display":"","ast-banner-title-visibility":"","ast-main-header-display":"","ast-hfb-above-header-display":"","ast-hfb-below-header-display":"","ast-hfb-mobile-header-display":"","site-post-title":"","ast-breadcrumbs-content":"","ast-featured-img":"","footer-sml-layout":"","ast-disable-related-posts":"","theme-transparent-header-meta":"","adv-header-id-meta":"","stick-header-meta":"","header-above-stick-meta":"","header-main-stick-meta":"","header-below-stick-meta":"","astra-migrate-meta-layouts":"default","ast-page-background-enabled":"default","ast-page-background-meta":{"desktop":{"background-color":"var(--ast-global-color-4)","background-image":"","background-repeat":"repeat","background-position":"center center","background-size":"auto","background-attachment":"scroll","background-type":"","background-media":"","overlay-type":"","overlay-color":"","overlay-opacity":"","overlay-gradient":""},"tablet":{"background-color":"","background-image":"","background-repeat":"repeat","background-position":"center center","background-size":"auto","background-attachment":"scroll","background-type":"","background-media":"","overlay-type":"","overlay-color":"","overlay-opacity":"","overlay-gradient":""},"mobile":{"background-color":"","background-image":"","background-repeat":"repeat","background-position":"center center","background-size":"auto","background-attachment":"scroll","background-type":"","background-media":"","overlay-type":"","overlay-color":"","overlay-opacity":"","overlay-gradient":""}},"ast-content-background-meta":{"desktop":{"background-color":"var(--ast-global-color-5)","background-image":"","background-repeat":"repeat","background-position":"center center","background-size":"auto","background-attachment":"scroll","background-type":"","background-media":"","overlay-type":"","overlay-color":"","overlay-opacity":"","overlay-gradient":""},"tablet":{"background-color":"var(--ast-global-color-5)","background-image":"","background-repeat":"repeat","background-position":"center center","background-size":"auto","background-attachment":"scroll","background-type":"","background-media":"","overlay-type":"","overlay-color":"","overlay-opacity":"","overlay-gradient":""},"mobile":{"background-color":"var(--ast-global-color-5)","background-image":"","background-repeat":"repeat","background-position":"center center","background-size":"auto","background-attachment":"scroll","background-type":"","background-media":"","overlay-type":"","overlay-color":"","overlay-opacity":"","overlay-gradient":""}},"iawp_total_views":117,"footnotes":""},"class_list":["post-104","page","type-page","status-publish","hentry"],"jetpack_sharing_enabled":true,"_links":{"self":[{"href":"https:\/\/kinesiologieparis.fr\/index.php\/wp-json\/wp\/v2\/pages\/104","targetHints":{"allow":["GET"]}}],"collection":[{"href":"https:\/\/kinesiologieparis.fr\/index.php\/wp-json\/wp\/v2\/pages"}],"about":[{"href":"https:\/\/kinesiologieparis.fr\/index.php\/wp-json\/wp\/v2\/types\/page"}],"author":[{"embeddable":true,"href":"https:\/\/kinesiologieparis.fr\/index.php\/wp-json\/wp\/v2\/users\/1"}],"replies":[{"embeddable":true,"href":"https:\/\/kinesiologieparis.fr\/index.php\/wp-json\/wp\/v2\/comments?post=104"}],"version-history":[{"count":9,"href":"https:\/\/kinesiologieparis.fr\/index.php\/wp-json\/wp\/v2\/pages\/104\/revisions"}],"predecessor-version":[{"id":256,"href":"https:\/\/kinesiologieparis.fr\/index.php\/wp-json\/wp\/v2\/pages\/104\/revisions\/256"}],"wp:attachment":[{"href":"https:\/\/kinesiologieparis.fr\/index.php\/wp-json\/wp\/v2\/media?parent=104"}],"curies":[{"name":"wp","href":"https:\/\/api.w.org\/{rel}","templated":true}]}}